{"id":2,"date":"2025-04-06T16:28:27","date_gmt":"2025-04-06T14:28:27","guid":{"rendered":"http:\/\/francescomariabetti.com\/?page_id=2"},"modified":"2025-04-06T17:00:17","modified_gmt":"2025-04-06T15:00:17","slug":"page-d-exemple","status":"publish","type":"page","link":"https:\/\/francescomariabetti.com\/","title":{"rendered":"Francesco Maria Betti"},"content":{"rendered":"\n<p><\/p>\n\n\n\n<h2 class=\"wp-block-heading\">Arts visuels et du spectacle<\/h2>\n\n\n\n<p>Photographie, installations, th\u00e9\u00e2tre et mime.<\/p>\n\n\n\n<h2 class=\"wp-block-heading\">Recherche scientifique<\/h2>\n\n\n\n<p>Astronomie, alchimie, soins naturels, m\u00e9taphysique, linguistique, mythologie.<\/p>\n\n\n\n<blockquote class=\"wp-block-quote is-layout-flow wp-block-quote-is-layout-flow\">\n<p><\/p>\n<\/blockquote>\n\n\n\n<p><\/p>\n","protected":false},"excerpt":{"rendered":"<p>Arts visuels et du spectacle Photographie, installations, th\u00e9\u00e2tre et mime. Recherche scientifique Astronomie, alchimie, soins naturels, m\u00e9taphysique, linguistique, mythologie.<\/p>\n","protected":false},"author":1,"featured_media":0,"parent":0,"menu_order":0,"comment_status":"closed","ping_status":"open","template":"","meta":{"footnotes":""},"class_list":["post-2","page","type-page","status-publish","hentry"],"_links":{"self":[{"href":"https:\/\/francescomariabetti.com\/index.php\/wp-json\/wp\/v2\/pages\/2","targetHints":{"allow":["GET"]}}],"collection":[{"href":"https:\/\/francescomariabetti.com\/index.php\/wp-json\/wp\/v2\/pages"}],"about":[{"href":"https:\/\/francescomariabetti.com\/index.php\/wp-json\/wp\/v2\/types\/page"}],"author":[{"embeddable":true,"href":"https:\/\/francescomariabetti.com\/index.php\/wp-json\/wp\/v2\/users\/1"}],"replies":[{"embeddable":true,"href":"https:\/\/francescomariabetti.com\/index.php\/wp-json\/wp\/v2\/comments?post=2"}],"version-history":[{"count":3,"href":"https:\/\/francescomariabetti.com\/index.php\/wp-json\/wp\/v2\/pages\/2\/revisions"}],"predecessor-version":[{"id":21,"href":"https:\/\/francescomariabetti.com\/index.php\/wp-json\/wp\/v2\/pages\/2\/revisions\/21"}],"wp:attachment":[{"href":"https:\/\/francescomariabetti.com\/index.php\/wp-json\/wp\/v2\/media?parent=2"}],"curies":[{"name":"wp","href":"https:\/\/api.w.org\/{rel}","templated":true}]}}